{"id":548,"date":"2021-01-14T18:06:51","date_gmt":"2021-01-14T17:06:51","guid":{"rendered":"https:\/\/www.y-rail.at\/?page_id=548"},"modified":"2025-01-16T10:05:15","modified_gmt":"2025-01-16T09:05:15","slug":"anwendungen","status":"publish","type":"page","link":"https:\/\/www.y-rail.at\/en\/anwendungen\/","title":{"rendered":"Anwendungen"},"content":{"rendered":"\t\t<div data-elementor-type=\"wp-page\" data-elementor-id=\"548\" class=\"elementor elementor-548\">\n\t\t\t\t\t\t\t\t\t<section class=\"elementor-section elementor-top-section elementor-element elementor-element-763c21b elementor-section-height-min-height elementor-section-content-middle elementor-section-boxed elementor-section-height-default elementor-section-items-middle\" data-id=\"763c21b\" data-element_type=\"section\" data-settings=\"{&quot;background_background&quot;:&quot;classic&quot;}\">\n\t\t\t\t\t\t\t<div class=\"elementor-background-overlay\"><\/div>\n\t\t\t\t\t\t\t<div class=\"elementor-container elementor-column-gap-default\">\n\t\t\t\t\t<div class=\"elementor-column elementor-col-100 elementor-top-column elementor-element elementor-element-f4857b7\" data-id=\"f4857b7\" data-element_type=\"column\">\n\t\t\t<div class=\"elementor-widget-wrap\">\n\t\t\t\t\t\t\t\t\t<\/div>\n\t\t<\/div>\n\t\t\t\t\t\t\t<\/div>\n\t\t<\/section>\n\t\t\t\t<section class=\"elementor-section elementor-top-section elementor-element elementor-element-9c1914d elementor-section-boxed elementor-section-height-default elementor-section-height-default\" data-id=\"9c1914d\" data-element_type=\"section\" data-settings=\"{&quot;background_background&quot;:&quot;classic&quot;}\">\n\t\t\t\t\t\t<div class=\"elementor-container elementor-column-gap-no\">\n\t\t\t\t\t<div class=\"elementor-column elementor-col-100 elementor-top-column elementor-element elementor-element-d2c1be9\" data-id=\"d2c1be9\" data-element_type=\"column\">\n\t\t\t<div class=\"elementor-widget-wrap elementor-element-populated\">\n\t\t\t\t\t\t\t\t<div class=\"elementor-element elementor-element-67a5ce5 elementor-widget elementor-widget-heading\" data-id=\"67a5ce5\" data-element_type=\"widget\" data-widget_type=\"heading.default\">\n\t\t\t\t<div class=\"elementor-widget-container\">\n\t\t\t<h2 class=\"elementor-heading-title elementor-size-large\">WEITERE ANWENDUNGEN<\/h2>\t\t<\/div>\n\t\t\t\t<\/div>\n\t\t\t\t<div class=\"elementor-element elementor-element-552df9c elementor-widget elementor-widget-text-editor\" data-id=\"552df9c\" data-element_type=\"widget\" data-widget_type=\"text-editor.default\">\n\t\t\t\t<div class=\"elementor-widget-container\">\n\t\t\t\t\t\t\t<p style=\"text-align: center;\"><span style=\"caret-color: #000000; color: #000000; font-size: 18px; letter-spacing: 0.5px;\">Das\u00a0Einschienenbahnsystem\u00a0\u201eY-Rail\u201c ist nicht nur f\u00fcr den Speisentransport einsetzbar. Die Schienen und insbesondere die Weichen sind skalierbar und k\u00f6nnen f\u00fcr s\u00e4mtliche Anwendungen, bei denen es gilt, etwas verl\u00e4sslich, schnell, flexibel und effizient zu transportieren, verwendet werden.<\/span><span style=\"caret-color: #000000; color: #000000; font-size: 18px; letter-spacing: 0.5px;\">\u00a0<\/span><\/p>\t\t\t\t\t\t<\/div>\n\t\t\t\t<\/div>\n\t\t\t\t<section class=\"elementor-section elementor-inner-section elementor-element elementor-element-da35f1d elementor-section-boxed elementor-section-height-default elementor-section-height-default\" data-id=\"da35f1d\" data-element_type=\"section\" data-settings=\"{&quot;background_background&quot;:&quot;classic&quot;}\">\n\t\t\t\t\t\t<div class=\"elementor-container elementor-column-gap-no\">\n\t\t\t\t\t<div class=\"elementor-column elementor-col-33 elementor-inner-column elementor-element elementor-element-761497f\" data-id=\"761497f\" data-element_type=\"column\" data-settings=\"{&quot;background_background&quot;:&quot;classic&quot;}\">\n\t\t\t<div class=\"elementor-widget-wrap elementor-element-populated\">\n\t\t\t\t\t\t\t\t<div class=\"elementor-element elementor-element-ae526e0 elementor-widget elementor-widget-image\" data-id=\"ae526e0\" data-element_type=\"widget\" data-widget_type=\"image.default\">\n\t\t\t\t<div class=\"elementor-widget-container\">\n\t\t\t\t\t\t\t\t\t\t\t\t\t\t\t<img decoding=\"async\" src=\"https:\/\/www.y-rail.at\/wp-content\/uploads\/elementor\/thumbs\/logistikanwendung-scaled-p4xx31s3c7jjilcxzr46uh1r440r8c5e4nd7qu5rwg.jpg\" title=\"Young man working at a warehouse with boxes\" alt=\"Young man working at a warehouse with boxes\" loading=\"lazy\" \/>\t\t\t\t\t\t\t\t\t\t\t\t\t\t\t<\/div>\n\t\t\t\t<\/div>\n\t\t\t\t<div class=\"elementor-element elementor-element-3ad421c elementor-widget elementor-widget-heading\" data-id=\"3ad421c\" data-element_type=\"widget\" data-widget_type=\"heading.default\">\n\t\t\t\t<div class=\"elementor-widget-container\">\n\t\t\t<h3 class=\"elementor-heading-title elementor-size-large\">PAKETTRANSPORT und Logistik<\/h3>\t\t<\/div>\n\t\t\t\t<\/div>\n\t\t\t\t<div class=\"elementor-element elementor-element-c8a3c8b elementor-widget-divider--view-line elementor-widget elementor-widget-divider\" data-id=\"c8a3c8b\" data-element_type=\"widget\" data-widget_type=\"divider.default\">\n\t\t\t\t<div class=\"elementor-widget-container\">\n\t\t\t\t\t<div class=\"elementor-divider\">\n\t\t\t<span class=\"elementor-divider-separator\">\n\t\t\t\t\t\t<\/span>\n\t\t<\/div>\n\t\t\t\t<\/div>\n\t\t\t\t<\/div>\n\t\t\t\t<div class=\"elementor-element elementor-element-55ee8d4 elementor-widget elementor-widget-text-editor\" data-id=\"55ee8d4\" data-element_type=\"widget\" data-widget_type=\"text-editor.default\">\n\t\t\t\t<div class=\"elementor-widget-container\">\n\t\t\t\t\t\t\t<p>Durch unser Weichensystem kann ein effizientes Verteilernetz f\u00fcr Pakete und Kleing\u00fcter kosteng\u00fcnstig realisiert werden.<\/p>\t\t\t\t\t\t<\/div>\n\t\t\t\t<\/div>\n\t\t\t\t<div class=\"elementor-element elementor-element-b278db3 elementor-align-center elementor-widget elementor-widget-button\" data-id=\"b278db3\" data-element_type=\"widget\" data-widget_type=\"button.default\">\n\t\t\t\t<div class=\"elementor-widget-container\">\n\t\t\t\t\t<div class=\"elementor-button-wrapper\">\n\t\t\t<a class=\"elementor-button elementor-button-link elementor-size-sm\" href=\"#\">\n\t\t\t\t\t\t<span class=\"elementor-button-content-wrapper\">\n\t\t\t\t\t\t<span class=\"elementor-button-text\">Mehr erfahren<\/span>\n\t\t<\/span>\n\t\t\t\t\t<\/a>\n\t\t<\/div>\n\t\t\t\t<\/div>\n\t\t\t\t<\/div>\n\t\t\t\t\t<\/div>\n\t\t<\/div>\n\t\t\t\t<div class=\"elementor-column elementor-col-33 elementor-inner-column elementor-element elementor-element-7cc81bc\" data-id=\"7cc81bc\" data-element_type=\"column\" data-settings=\"{&quot;background_background&quot;:&quot;classic&quot;}\">\n\t\t\t<div class=\"elementor-widget-wrap elementor-element-populated\">\n\t\t\t\t\t\t\t\t<div class=\"elementor-element elementor-element-4248ccd elementor-widget elementor-widget-image\" data-id=\"4248ccd\" data-element_type=\"widget\" data-widget_type=\"image.default\">\n\t\t\t\t<div class=\"elementor-widget-container\">\n\t\t\t\t\t\t\t\t\t\t\t\t\t\t\t\t<a href=\"https:\/\/www.y-rail.at\/prt\/\">\n\t\t\t\t\t\t\t<img decoding=\"async\" src=\"https:\/\/www.y-rail.at\/wp-content\/uploads\/elementor\/thumbs\/Screenshot-2021-03-15-at-19.24.56-p49l6k511nxvr226l5skx35iw5nfbhcltbb0epp474.png\" title=\"Screenshot 2021-03-15 at 19.24.56\" alt=\"Screenshot 2021-03-15 at 19.24.56\" loading=\"lazy\" \/>\t\t\t\t\t\t\t\t<\/a>\n\t\t\t\t\t\t\t\t\t\t\t\t\t\t\t<\/div>\n\t\t\t\t<\/div>\n\t\t\t\t<div class=\"elementor-element elementor-element-5de5dec elementor-widget elementor-widget-heading\" data-id=\"5de5dec\" data-element_type=\"widget\" data-widget_type=\"heading.default\">\n\t\t\t\t<div class=\"elementor-widget-container\">\n\t\t\t<h3 class=\"elementor-heading-title elementor-size-large\"><a href=\"https:\/\/www.y-rail.at\/prt\/\">Personentransport <br>(PRT)<\/a><\/h3>\t\t<\/div>\n\t\t\t\t<\/div>\n\t\t\t\t<div class=\"elementor-element elementor-element-0daa4a2 elementor-widget-divider--view-line elementor-widget elementor-widget-divider\" data-id=\"0daa4a2\" data-element_type=\"widget\" data-widget_type=\"divider.default\">\n\t\t\t\t<div class=\"elementor-widget-container\">\n\t\t\t\t\t<div class=\"elementor-divider\">\n\t\t\t<span class=\"elementor-divider-separator\">\n\t\t\t\t\t\t<\/span>\n\t\t<\/div>\n\t\t\t\t<\/div>\n\t\t\t\t<\/div>\n\t\t\t\t<div class=\"elementor-element elementor-element-e43b856 elementor-widget elementor-widget-text-editor\" data-id=\"e43b856\" data-element_type=\"widget\" data-widget_type=\"text-editor.default\">\n\t\t\t\t<div class=\"elementor-widget-container\">\n\t\t\t\t\t\t\t<p><span>Personal Rapid Transport (PRT) ist ein Konzept f\u00fcr den schienengebundenen, f\u00fchrerlosen Personenverkehr<\/span>.<\/p>\t\t\t\t\t\t<\/div>\n\t\t\t\t<\/div>\n\t\t\t\t<div class=\"elementor-element elementor-element-5d9506f elementor-align-center elementor-widget elementor-widget-button\" data-id=\"5d9506f\" data-element_type=\"widget\" data-widget_type=\"button.default\">\n\t\t\t\t<div class=\"elementor-widget-container\">\n\t\t\t\t\t<div class=\"elementor-button-wrapper\">\n\t\t\t<a class=\"elementor-button elementor-button-link elementor-size-sm\" href=\"https:\/\/www.y-rail.at\/prt\/\">\n\t\t\t\t\t\t<span class=\"elementor-button-content-wrapper\">\n\t\t\t\t\t\t<span class=\"elementor-button-text\">Mehr erfahren<\/span>\n\t\t<\/span>\n\t\t\t\t\t<\/a>\n\t\t<\/div>\n\t\t\t\t<\/div>\n\t\t\t\t<\/div>\n\t\t\t\t\t<\/div>\n\t\t<\/div>\n\t\t\t\t<div class=\"elementor-column elementor-col-33 elementor-inner-column elementor-element elementor-element-ea824a0\" data-id=\"ea824a0\" data-element_type=\"column\" data-settings=\"{&quot;background_background&quot;:&quot;classic&quot;}\">\n\t\t\t<div class=\"elementor-widget-wrap elementor-element-populated\">\n\t\t\t\t\t\t\t\t<div class=\"elementor-element elementor-element-b13bcb7 elementor-widget elementor-widget-image\" data-id=\"b13bcb7\" data-element_type=\"widget\" data-widget_type=\"image.default\">\n\t\t\t\t<div class=\"elementor-widget-container\">\n\t\t\t\t\t\t\t\t\t\t\t\t\t\t\t<img decoding=\"async\" src=\"https:\/\/www.y-rail.at\/wp-content\/uploads\/elementor\/thumbs\/Mond_Lavohoehle_Island-q8atk97vtaxopdlbbs4tk9188de2tqj5zk51064jnk.jpg\" title=\"Lavah\u00f6hle am Mond\" alt=\"Lavah\u00f6hle am Mond\" loading=\"lazy\" \/>\t\t\t\t\t\t\t\t\t\t\t\t\t\t\t<\/div>\n\t\t\t\t<\/div>\n\t\t\t\t<div class=\"elementor-element elementor-element-f9b0854 elementor-widget elementor-widget-heading\" data-id=\"f9b0854\" data-element_type=\"widget\" data-widget_type=\"heading.default\">\n\t\t\t\t<div class=\"elementor-widget-container\">\n\t\t\t<h3 class=\"elementor-heading-title elementor-size-large\">Space Y-Rail<br><\/h3>\t\t<\/div>\n\t\t\t\t<\/div>\n\t\t\t\t<div class=\"elementor-element elementor-element-7854406 elementor-widget-divider--view-line elementor-widget elementor-widget-divider\" data-id=\"7854406\" data-element_type=\"widget\" data-widget_type=\"divider.default\">\n\t\t\t\t<div class=\"elementor-widget-container\">\n\t\t\t\t\t<div class=\"elementor-divider\">\n\t\t\t<span class=\"elementor-divider-separator\">\n\t\t\t\t\t\t<\/span>\n\t\t<\/div>\n\t\t\t\t<\/div>\n\t\t\t\t<\/div>\n\t\t\t\t<div class=\"elementor-element elementor-element-aa10fc5 elementor-widget elementor-widget-text-editor\" data-id=\"aa10fc5\" data-element_type=\"widget\" data-widget_type=\"text-editor.default\">\n\t\t\t\t<div class=\"elementor-widget-container\">\n\t\t\t\t\t\t\t<p>Das Y-Rail ist perfekt f\u00fcr den Einsatz in Tunnel unterhalb der Mondoberfl\u00e4che geeinget.<\/p>\t\t\t\t\t\t<\/div>\n\t\t\t\t<\/div>\n\t\t\t\t<div class=\"elementor-element elementor-element-963bbe8 elementor-align-center elementor-widget elementor-widget-button\" data-id=\"963bbe8\" data-element_type=\"widget\" data-widget_type=\"button.default\">\n\t\t\t\t<div class=\"elementor-widget-container\">\n\t\t\t\t\t<div class=\"elementor-button-wrapper\">\n\t\t\t<a class=\"elementor-button elementor-button-link elementor-size-sm\" href=\"https:\/\/www.y-rail.at\/weltraumtechnik\/\">\n\t\t\t\t\t\t<span class=\"elementor-button-content-wrapper\">\n\t\t\t\t\t\t<span class=\"elementor-button-text\">Mehr erfahren<\/span>\n\t\t<\/span>\n\t\t\t\t\t<\/a>\n\t\t<\/div>\n\t\t\t\t<\/div>\n\t\t\t\t<\/div>\n\t\t\t\t\t<\/div>\n\t\t<\/div>\n\t\t\t\t\t\t\t<\/div>\n\t\t<\/section>\n\t\t\t\t<div class=\"elementor-element elementor-element-80d796a elementor-widget elementor-widget-text-editor\" data-id=\"80d796a\" data-element_type=\"widget\" data-widget_type=\"text-editor.default\">\n\t\t\t\t<div class=\"elementor-widget-container\">\n\t\t\t\t\t\t\t<p><span style=\"font-size: inherit;\">Mit den einfachen Weichen&nbsp;des Y-Rail&nbsp;Systems kann ein Zweirichtungsbetrieb mit s\u00e4mtlichen Varianten an Kreuzungsm\u00f6glichkeiten, im Vergleich zu bekannten&nbsp;Einschienenbahnsystemen&nbsp;(z.B. I-Tr\u00e4ger System mit&nbsp;Verschiebeweichen), sehr einfach realisiert werden. Anpassungen des Systems an die anwendungsspezifischen Erfordernisse, wie z.B. aktiv schaltbare Weiche, realisiert durch eine mechanische Zunge, oder eine Magnetfeldumschaltung, um Kosten am Fahrzeug, bzw. am Rollschlitten zu sparen, sind durchaus m\u00f6glich. Unsere Y-Rail&nbsp;Bahnsysteme mit Schienendurchmessern im Bereich 19mm bis 400mm k\u00f6nnen die optimale Infrastrukturl\u00f6sung&nbsp; f\u00fcr Ihre Anwendung sein!<\/span><br><\/p>\t\t\t\t\t\t<\/div>\n\t\t\t\t<\/div>\n\t\t\t\t\t<\/div>\n\t\t<\/div>\n\t\t\t\t\t\t\t<\/div>\n\t\t<\/section>\n\t\t\t\t\t\t\t<\/div>\n\t\t","protected":false},"excerpt":{"rendered":"<p>WEITERE ANWENDUNGEN Das\u00a0Einschienenbahnsystem\u00a0\u201eY-Rail\u201c ist nicht nur f\u00fcr den Speisentransport einsetzbar. Die Schienen und insbesondere die Weichen sind skalierbar und k\u00f6nnen f\u00fcr s\u00e4mtliche Anwendungen, bei denen es gilt, etwas verl\u00e4sslich, schnell, flexibel und effizient zu transportieren, verwendet werden.\u00a0 PAKETTRANSPORT und Logistik Durch unser Weichensystem kann ein effizientes Verteilernetz f\u00fcr Pakete und [&hellip;]<\/p>\n","protected":false},"author":3,"featured_media":0,"parent":0,"menu_order":0,"comment_status":"closed","ping_status":"closed","template":"page-templates\/template-pagebuilder-full-width.php","meta":{"h5ap_radio_sources":[],"footnotes":""},"class_list":["post-548","page","type-page","status-publish","hentry"],"translation":{"provider":"WPGlobus","version":"3.0.1","language":"en","enabled_languages":["de","en"],"languages":{"de":{"title":true,"content":true,"excerpt":false},"en":{"title":false,"content":false,"excerpt":false}}},"_links":{"self":[{"href":"https:\/\/www.y-rail.at\/en\/wp-json\/wp\/v2\/pages\/548","targetHints":{"allow":["GET"]}}],"collection":[{"href":"https:\/\/www.y-rail.at\/en\/wp-json\/wp\/v2\/pages"}],"about":[{"href":"https:\/\/www.y-rail.at\/en\/wp-json\/wp\/v2\/types\/page"}],"author":[{"embeddable":true,"href":"https:\/\/www.y-rail.at\/en\/wp-json\/wp\/v2\/users\/3"}],"replies":[{"embeddable":true,"href":"https:\/\/www.y-rail.at\/en\/wp-json\/wp\/v2\/comments?post=548"}],"version-history":[{"count":27,"href":"https:\/\/www.y-rail.at\/en\/wp-json\/wp\/v2\/pages\/548\/revisions"}],"predecessor-version":[{"id":1409,"href":"https:\/\/www.y-rail.at\/en\/wp-json\/wp\/v2\/pages\/548\/revisions\/1409"}],"wp:attachment":[{"href":"https:\/\/www.y-rail.at\/en\/wp-json\/wp\/v2\/media?parent=548"}],"curies":[{"name":"wp","href":"https:\/\/api.w.org\/{rel}","templated":true}]}}